{"id":435,"date":"2021-02-21T11:43:47","date_gmt":"2021-02-21T11:43:47","guid":{"rendered":"http:\/\/www.stripclub.ee\/vip\/"},"modified":"2021-03-14T13:54:07","modified_gmt":"2021-03-14T13:54:07","slug":"vip","status":"publish","type":"page","link":"https:\/\/www.stripclub.ee\/et\/vip\/","title":{"rendered":"Vip"},"content":{"rendered":"<div id=\"acf-block_6036a02488bea\" class=\"acf-block-element block-narrow-container\">\n\n<p class=\"has-text-align-center wp-el\"><strong>Teie konfidentsiaalne ja turvaline meelelahutus<\/strong><\/p>\n\n\n\n<p class=\"has-text-align-center wp-el\">Meid k\u00fclastades valid sina absoluutne konfidentsiaalsus ja ohutus. Meie VIP k\u00fclaliste jaoks on olemas eraldi sissep\u00e4\u00e4s. Samuti meil on spetsiaalne VIP-tsoon ning transfeer k\u00f5ikjalt Eestist.<\/p>\n\n<\/div>\n\n<div id=\"acf-block_604d2668b63d5\" class=\"acf-block-element block-gallery\"><div class=\"gallery\"><div class=\"gallery-item\"><a href=\"https:\/\/www.stripclub.ee\/wp-content\/uploads\/2021\/03\/stripclub-31477-1200x800.jpg\" class=\"d-block position-relative\"><img decoding=\"async\" class=\"round-corners\" src=\"https:\/\/www.stripclub.ee\/wp-content\/uploads\/2021\/03\/stripclub-31477-270x270.jpg\" alt=\"\"><span class=\"d-flex flex-wrap align-items-center justify-content-center position-absolute\"><svg width=\"24\" height=\"24\" viewBox=\"0 0 24 24\" xmlns=\"http:\/\/www.w3.org\/2000\/svg\" fill-rule=\"evenodd\" clip-rule=\"evenodd\"><path fill=\"#fff\" d=\"M15.853 16.56c-1.683 1.517-3.911 2.44-6.353 2.44-5.243 0-9.5-4.257-9.5-9.5s4.257-9.5 9.5-9.5 9.5 4.257 9.5 9.5c0 2.442-.923 4.67-2.44 6.353l7.44 7.44-.707.707-7.44-7.44zm-6.353-15.56c4.691 0 8.5 3.809 8.5 8.5s-3.809 8.5-8.5 8.5-8.5-3.809-8.5-8.5 3.809-8.5 8.5-8.5z\"\/><\/svg><\/span><\/a><\/div><div class=\"gallery-item\"><a href=\"https:\/\/www.stripclub.ee\/wp-content\/uploads\/2021\/03\/stripclub-31389-1200x800.jpg\" class=\"d-block position-relative\"><img decoding=\"async\" class=\"round-corners\" src=\"https:\/\/www.stripclub.ee\/wp-content\/uploads\/2021\/03\/stripclub-31389-270x270.jpg\" alt=\"\"><span class=\"d-flex flex-wrap align-items-center justify-content-center position-absolute\"><svg width=\"24\" height=\"24\" viewBox=\"0 0 24 24\" xmlns=\"http:\/\/www.w3.org\/2000\/svg\" fill-rule=\"evenodd\" clip-rule=\"evenodd\"><path fill=\"#fff\" d=\"M15.853 16.56c-1.683 1.517-3.911 2.44-6.353 2.44-5.243 0-9.5-4.257-9.5-9.5s4.257-9.5 9.5-9.5 9.5 4.257 9.5 9.5c0 2.442-.923 4.67-2.44 6.353l7.44 7.44-.707.707-7.44-7.44zm-6.353-15.56c4.691 0 8.5 3.809 8.5 8.5s-3.809 8.5-8.5 8.5-8.5-3.809-8.5-8.5 3.809-8.5 8.5-8.5z\"\/><\/svg><\/span><\/a><\/div><div class=\"gallery-item\"><a href=\"https:\/\/www.stripclub.ee\/wp-content\/uploads\/2021\/03\/stripclub-31348-1200x800.jpg\" class=\"d-block position-relative\"><img decoding=\"async\" class=\"round-corners\" src=\"https:\/\/www.stripclub.ee\/wp-content\/uploads\/2021\/03\/stripclub-31348-270x270.jpg\" alt=\"\"><span class=\"d-flex flex-wrap align-items-center justify-content-center position-absolute\"><svg width=\"24\" height=\"24\" viewBox=\"0 0 24 24\" xmlns=\"http:\/\/www.w3.org\/2000\/svg\" fill-rule=\"evenodd\" clip-rule=\"evenodd\"><path fill=\"#fff\" d=\"M15.853 16.56c-1.683 1.517-3.911 2.44-6.353 2.44-5.243 0-9.5-4.257-9.5-9.5s4.257-9.5 9.5-9.5 9.5 4.257 9.5 9.5c0 2.442-.923 4.67-2.44 6.353l7.44 7.44-.707.707-7.44-7.44zm-6.353-15.56c4.691 0 8.5 3.809 8.5 8.5s-3.809 8.5-8.5 8.5-8.5-3.809-8.5-8.5 3.809-8.5 8.5-8.5z\"\/><\/svg><\/span><\/a><\/div><div class=\"gallery-item\"><a href=\"https:\/\/www.stripclub.ee\/wp-content\/uploads\/2021\/03\/stripclub-31320-1200x800.jpg\" class=\"d-block position-relative\"><img decoding=\"async\" class=\"round-corners\" src=\"https:\/\/www.stripclub.ee\/wp-content\/uploads\/2021\/03\/stripclub-31320-270x270.jpg\" alt=\"\"><span class=\"d-flex flex-wrap align-items-center justify-content-center position-absolute\"><svg width=\"24\" height=\"24\" viewBox=\"0 0 24 24\" xmlns=\"http:\/\/www.w3.org\/2000\/svg\" fill-rule=\"evenodd\" clip-rule=\"evenodd\"><path fill=\"#fff\" d=\"M15.853 16.56c-1.683 1.517-3.911 2.44-6.353 2.44-5.243 0-9.5-4.257-9.5-9.5s4.257-9.5 9.5-9.5 9.5 4.257 9.5 9.5c0 2.442-.923 4.67-2.44 6.353l7.44 7.44-.707.707-7.44-7.44zm-6.353-15.56c4.691 0 8.5 3.809 8.5 8.5s-3.809 8.5-8.5 8.5-8.5-3.809-8.5-8.5 3.809-8.5 8.5-8.5z\"\/><\/svg><\/span><\/a><\/div><\/div><\/div>","protected":false},"excerpt":{"rendered":"","protected":false},"author":3,"featured_media":0,"parent":0,"menu_order":20,"comment_status":"closed","ping_status":"closed","template":"","meta":{"_acf_changed":false,"inline_featured_image":false,"footnotes":""},"class_list":["post-435","page","type-page","status-publish","hentry"],"acf":[],"_links":{"self":[{"href":"https:\/\/www.stripclub.ee\/et\/wp-json\/wp\/v2\/pages\/435"}],"collection":[{"href":"https:\/\/www.stripclub.ee\/et\/wp-json\/wp\/v2\/pages"}],"about":[{"href":"https:\/\/www.stripclub.ee\/et\/wp-json\/wp\/v2\/types\/page"}],"author":[{"embeddable":true,"href":"https:\/\/www.stripclub.ee\/et\/wp-json\/wp\/v2\/users\/3"}],"replies":[{"embeddable":true,"href":"https:\/\/www.stripclub.ee\/et\/wp-json\/wp\/v2\/comments?post=435"}],"version-history":[{"count":1,"href":"https:\/\/www.stripclub.ee\/et\/wp-json\/wp\/v2\/pages\/435\/revisions"}],"predecessor-version":[{"id":458,"href":"https:\/\/www.stripclub.ee\/et\/wp-json\/wp\/v2\/pages\/435\/revisions\/458"}],"wp:attachment":[{"href":"https:\/\/www.stripclub.ee\/et\/wp-json\/wp\/v2\/media?parent=435"}],"curies":[{"name":"wp","href":"https:\/\/api.w.org\/{rel}","templated":true}]}}