{"id":433,"date":"2021-02-21T11:43:39","date_gmt":"2021-02-21T11:43:39","guid":{"rendered":"http:\/\/www.stripclub.ee\/about-club\/"},"modified":"2023-08-13T07:36:03","modified_gmt":"2023-08-13T07:36:03","slug":"meist","status":"publish","type":"page","link":"https:\/\/www.stripclub.ee\/et\/meist\/","title":{"rendered":"Klubi \u00abPrime\u00bb"},"content":{"rendered":"<div id=\"acf-block_bec0847366eeda5bd5fbc8a129c176d2\" class=\"acf-block-element block-narrow-container\">\n\n<p class=\"has-text-align-center wp-el\">Meie klubi on lahti rohkem kui 15 aastat. Suure kindlusega saame \u00f6elda, et me oleme parimad omas valdkonnas.<\/p>\n\n<\/div>\n\n<div id=\"acf-block_d4643c17a09493354174b5cd29251e46\" class=\"acf-block-element block-txtmedia\"><div class=\"row row-grid\"><div class=\"col-12 col-lg-5 align-self-center order-lg-1 offset-lg-1\">\n\n<h2 class=\"wp-block-heading wp-el\">Tartu \u21161 stripclub<\/h2>\n\n\n\n<p class=\"wp-el\">Meie missiooniks on tagada teile suurep\u00e4rane show ja unustamatu kogemus. Just seda nimetatakse d\u017eentelmenide puhkuseks.<\/p>\n\n<\/div><div class=\"col-12 col-lg-6 col-media\"><a href=\"https:\/\/www.stripclub.ee\/wp-content\/uploads\/2021\/03\/stripclub-5873-800x1200.jpg\" class=\"position-relative d-inline-block\"><img loading=\"lazy\" decoding=\"async\" src=\"http:\/\/www.stripclub.ee\/wp-content\/uploads\/fly-images\/351\/stripclub-5873-570x420-c.jpg\" width=\"570\" height=\"420\" \/><span class=\"d-flex flex-wrap align-items-center justify-content-center position-absolute\"><svg width=\"24\" height=\"24\" viewBox=\"0 0 24 24\" xmlns=\"http:\/\/www.w3.org\/2000\/svg\" fill-rule=\"evenodd\" clip-rule=\"evenodd\"><path fill=\"#fff\" d=\"M15.853 16.56c-1.683 1.517-3.911 2.44-6.353 2.44-5.243 0-9.5-4.257-9.5-9.5s4.257-9.5 9.5-9.5 9.5 4.257 9.5 9.5c0 2.442-.923 4.67-2.44 6.353l7.44 7.44-.707.707-7.44-7.44zm-6.353-15.56c4.691 0 8.5 3.809 8.5 8.5s-3.809 8.5-8.5 8.5-8.5-3.809-8.5-8.5 3.809-8.5 8.5-8.5z\"\/><\/svg><\/span><\/a><\/div><\/div><\/div>\n\n<div id=\"acf-block_2dc9cd4f632c8e42b62abbd029e06f77\" class=\"acf-block-element block-txtmedia\"><div class=\"row row-grid\"><div class=\"col-12 col-lg-5 align-self-center\">\n\n<h2 class=\"wp-block-heading wp-el\">300 m<sup>2<\/sup> nautimist<\/h2>\n\n\n\n<p class=\"wp-el\">Klubis on v\u00e4hemalt 300 m<sup>2<\/sup> ruumi, mis t\u00e4hendab, et iga k\u00fclaline leiab endale sobiva koha.<\/p>\n\n\n\n<p class=\"wp-el\">Meie k\u00fclalised saavad ise valida sobiv koht, oleks see kas lava l\u00e4hedal, p\u00f5hiruumis v\u00f5i m\u00f5nes privaattoas.<\/p>\n\n<\/div><div class=\"col-12 col-lg-6 col-media offset-lg-1\"><a href=\"https:\/\/www.stripclub.ee\/wp-content\/uploads\/2021\/03\/stripclub-5297-800x1200.jpg\" class=\"position-relative d-inline-block\"><img loading=\"lazy\" decoding=\"async\" src=\"http:\/\/www.stripclub.ee\/wp-content\/uploads\/fly-images\/347\/stripclub-5297-570x420-c.jpg\" width=\"570\" height=\"420\" \/><span class=\"d-flex flex-wrap align-items-center justify-content-center position-absolute\"><svg width=\"24\" height=\"24\" viewBox=\"0 0 24 24\" xmlns=\"http:\/\/www.w3.org\/2000\/svg\" fill-rule=\"evenodd\" clip-rule=\"evenodd\"><path fill=\"#fff\" d=\"M15.853 16.56c-1.683 1.517-3.911 2.44-6.353 2.44-5.243 0-9.5-4.257-9.5-9.5s4.257-9.5 9.5-9.5 9.5 4.257 9.5 9.5c0 2.442-.923 4.67-2.44 6.353l7.44 7.44-.707.707-7.44-7.44zm-6.353-15.56c4.691 0 8.5 3.809 8.5 8.5s-3.809 8.5-8.5 8.5-8.5-3.809-8.5-8.5 3.809-8.5 8.5-8.5z\"\/><\/svg><\/span><\/a><\/div><\/div><\/div>\n\n<div class=\"wp-block-image\">\n<figure class=\"aligncenter size-large\"><a href=\"http:\/\/www.stripclub.ee\/wp-content\/uploads\/2021\/03\/prime-stripclub-est.png\"><img loading=\"lazy\" decoding=\"async\" width=\"1200\" height=\"950\" src=\"http:\/\/www.stripclub.ee\/wp-content\/uploads\/2021\/03\/prime-stripclub-est-1200x950.png\" alt=\"\" class=\"wp-image-478\" srcset=\"https:\/\/www.stripclub.ee\/wp-content\/uploads\/2021\/03\/prime-stripclub-est-1200x950.png 1200w, https:\/\/www.stripclub.ee\/wp-content\/uploads\/2021\/03\/prime-stripclub-est.png 1920w\" sizes=\"(max-width: 1200px) 100vw, 1200px\" \/><\/a><\/figure><\/div>\n\n<div id=\"acf-block_d9c002ebe9fe3937b81ddefd80f8907e\" class=\"acf-block-element block-gallery\"><div class=\"gallery\"><div class=\"gallery-item\"><a href=\"https:\/\/www.stripclub.ee\/wp-content\/uploads\/2021\/03\/stripclub-6101-800x1200.jpg\" class=\"d-block position-relative\"><img decoding=\"async\" class=\"round-corners\" src=\"https:\/\/www.stripclub.ee\/wp-content\/uploads\/2021\/03\/stripclub-6101-270x270.jpg\" alt=\"\"><span class=\"d-flex flex-wrap align-items-center justify-content-center position-absolute\"><svg width=\"24\" height=\"24\" viewBox=\"0 0 24 24\" xmlns=\"http:\/\/www.w3.org\/2000\/svg\" fill-rule=\"evenodd\" clip-rule=\"evenodd\"><path fill=\"#fff\" d=\"M15.853 16.56c-1.683 1.517-3.911 2.44-6.353 2.44-5.243 0-9.5-4.257-9.5-9.5s4.257-9.5 9.5-9.5 9.5 4.257 9.5 9.5c0 2.442-.923 4.67-2.44 6.353l7.44 7.44-.707.707-7.44-7.44zm-6.353-15.56c4.691 0 8.5 3.809 8.5 8.5s-3.809 8.5-8.5 8.5-8.5-3.809-8.5-8.5 3.809-8.5 8.5-8.5z\"\/><\/svg><\/span><\/a><\/div><div class=\"gallery-item\"><a href=\"https:\/\/www.stripclub.ee\/wp-content\/uploads\/2021\/03\/stripclub-5976-1200x800.jpg\" class=\"d-block position-relative\"><img decoding=\"async\" class=\"round-corners\" src=\"https:\/\/www.stripclub.ee\/wp-content\/uploads\/2021\/03\/stripclub-5976-270x270.jpg\" alt=\"\"><span class=\"d-flex flex-wrap align-items-center justify-content-center position-absolute\"><svg width=\"24\" height=\"24\" viewBox=\"0 0 24 24\" xmlns=\"http:\/\/www.w3.org\/2000\/svg\" fill-rule=\"evenodd\" clip-rule=\"evenodd\"><path fill=\"#fff\" d=\"M15.853 16.56c-1.683 1.517-3.911 2.44-6.353 2.44-5.243 0-9.5-4.257-9.5-9.5s4.257-9.5 9.5-9.5 9.5 4.257 9.5 9.5c0 2.442-.923 4.67-2.44 6.353l7.44 7.44-.707.707-7.44-7.44zm-6.353-15.56c4.691 0 8.5 3.809 8.5 8.5s-3.809 8.5-8.5 8.5-8.5-3.809-8.5-8.5 3.809-8.5 8.5-8.5z\"\/><\/svg><\/span><\/a><\/div><div class=\"gallery-item\"><a href=\"https:\/\/www.stripclub.ee\/wp-content\/uploads\/2021\/03\/stripclub-5114-1200x800.jpg\" class=\"d-block position-relative\"><img decoding=\"async\" class=\"round-corners\" src=\"https:\/\/www.stripclub.ee\/wp-content\/uploads\/2021\/03\/stripclub-5114-270x270.jpg\" alt=\"\"><span class=\"d-flex flex-wrap align-items-center justify-content-center position-absolute\"><svg width=\"24\" height=\"24\" viewBox=\"0 0 24 24\" xmlns=\"http:\/\/www.w3.org\/2000\/svg\" fill-rule=\"evenodd\" clip-rule=\"evenodd\"><path fill=\"#fff\" d=\"M15.853 16.56c-1.683 1.517-3.911 2.44-6.353 2.44-5.243 0-9.5-4.257-9.5-9.5s4.257-9.5 9.5-9.5 9.5 4.257 9.5 9.5c0 2.442-.923 4.67-2.44 6.353l7.44 7.44-.707.707-7.44-7.44zm-6.353-15.56c4.691 0 8.5 3.809 8.5 8.5s-3.809 8.5-8.5 8.5-8.5-3.809-8.5-8.5 3.809-8.5 8.5-8.5z\"\/><\/svg><\/span><\/a><\/div><div class=\"gallery-item\"><a href=\"https:\/\/www.stripclub.ee\/wp-content\/uploads\/2021\/03\/stripclub-4931-800x1200.jpg\" class=\"d-block position-relative\"><img decoding=\"async\" class=\"round-corners\" src=\"https:\/\/www.stripclub.ee\/wp-content\/uploads\/2021\/03\/stripclub-4931-270x270.jpg\" alt=\"\"><span class=\"d-flex flex-wrap align-items-center justify-content-center position-absolute\"><svg width=\"24\" height=\"24\" viewBox=\"0 0 24 24\" xmlns=\"http:\/\/www.w3.org\/2000\/svg\" fill-rule=\"evenodd\" clip-rule=\"evenodd\"><path fill=\"#fff\" d=\"M15.853 16.56c-1.683 1.517-3.911 2.44-6.353 2.44-5.243 0-9.5-4.257-9.5-9.5s4.257-9.5 9.5-9.5 9.5 4.257 9.5 9.5c0 2.442-.923 4.67-2.44 6.353l7.44 7.44-.707.707-7.44-7.44zm-6.353-15.56c4.691 0 8.5 3.809 8.5 8.5s-3.809 8.5-8.5 8.5-8.5-3.809-8.5-8.5 3.809-8.5 8.5-8.5z\"\/><\/svg><\/span><\/a><\/div><\/div><\/div>\n\n\n<div class=\"wp-block-buttons is-horizontal is-content-justification-center is-layout-flex wp-container-core-buttons-is-layout-1 wp-block-buttons-is-layout-flex\">\n<div class=\"wp-block-button is-style-fill\"><a class=\"wp-block-button__link has-black-color has-text-color wp-element-button\" href=\"http:\/\/www.stripclub.ee\/gallery\/\">Rohkem pilte<\/a><\/div>\n<\/div>\n\n\n\n<h2 class=\"wp-block-heading has-text-align-center wp-el\">Broneeri laud<\/h2>\n\n\n\n<div class=\"wp-block-contact-form-7-contact-form-selector\">\n<div class=\"wpcf7 no-js\" id=\"wpcf7-f465-o1\" lang=\"en-US\" dir=\"ltr\">\n<div class=\"screen-reader-response\"><p role=\"status\" aria-live=\"polite\" aria-atomic=\"true\"><\/p> <ul><\/ul><\/div>\n<form action=\"\/et\/wp-json\/wp\/v2\/pages\/433#wpcf7-f465-o1\" method=\"post\" class=\"wpcf7-form init\" aria-label=\"Contact form\" novalidate=\"novalidate\" data-status=\"init\">\n<div style=\"display: none;\">\n<input type=\"hidden\" name=\"_wpcf7\" value=\"465\" \/>\n<input type=\"hidden\" name=\"_wpcf7_version\" value=\"5.9.7\" \/>\n<input type=\"hidden\" name=\"_wpcf7_locale\" value=\"en_US\" \/>\n<input type=\"hidden\" name=\"_wpcf7_unit_tag\" value=\"wpcf7-f465-o1\" \/>\n<input type=\"hidden\" name=\"_wpcf7_container_post\" value=\"0\" \/>\n<input type=\"hidden\" name=\"_wpcf7_posted_data_hash\" value=\"\" \/>\n<input type=\"hidden\" name=\"_wpcf7_recaptcha_response\" value=\"\" \/>\n<\/div>\n<div class=\"row row-grid\">\n\t<div class=\"col-12 col-md-6\">\n\t\t<p><label>Teie nimi *<\/label><br \/>\n<span class=\"wpcf7-form-control-wrap\" data-name=\"your-name\"><input size=\"40\" maxlength=\"400\" class=\"wpcf7-form-control wpcf7-text wpcf7-validates-as-required\" aria-required=\"true\" aria-invalid=\"false\" placeholder=\"\" value=\"\" type=\"text\" name=\"your-name\" \/><\/span>\n\t\t<\/p>\n\t<\/div>\n\t<div class=\"col-12 col-md-6\">\n\t\t<p><label>Teie e-post *<\/label><br \/>\n<span class=\"wpcf7-form-control-wrap\" data-name=\"your-email\"><input size=\"40\" maxlength=\"400\" class=\"wpcf7-form-control wpcf7-email wpcf7-validates-as-required wpcf7-text wpcf7-validates-as-email\" aria-required=\"true\" aria-invalid=\"false\" value=\"\" type=\"email\" name=\"your-email\" \/><\/span>\n\t\t<\/p>\n\t<\/div>\n\t<div class=\"col-12\">\n\t\t<p><label>Teie s\u00f5num<\/label><br \/>\n<span class=\"wpcf7-form-control-wrap\" data-name=\"your-message\"><textarea cols=\"40\" rows=\"10\" maxlength=\"2000\" class=\"wpcf7-form-control wpcf7-textarea\" aria-invalid=\"false\" name=\"your-message\"><\/textarea><\/span>\n\t\t<\/p>\n\t<\/div>\n<\/div>\n<div class=\"form-submit text-center\">\n\t<p><input class=\"wpcf7-form-control wpcf7-submit has-spinner\" type=\"submit\" value=\"Saada\" \/>\n\t<\/p>\n<\/div><div class=\"wpcf7-response-output\" aria-hidden=\"true\"><\/div>\n<\/form>\n<\/div>\n<\/div>\n\n\n<div id=\"acf-block_96a80950b750d04b51544125b0c00dba\" class=\"acf-block-element block-bgboxes\"><div class=\"row row-grid justify-content-center\"><div class=\"col-12 col-md-6\"><a href=\"http:\/\/www.stripclub.ee\/party-bus\/\"  class=\"bgbox-inner d-flex flex-wrap align-items-end justify-content-center position-relative\"><div class=\"bgbox-img\" style=\"background-image: url(http:\/\/www.stripclub.ee\/wp-content\/uploads\/fly-images\/78\/sixth-slide-bg-570x420-c.jpg); background-position: center top;\"><\/div><div class=\"bgbox-inner__content text-center w-100\"><h2>Party bus<\/h2><button class=\"btn\" target=\"\">Tutvu l\u00e4hemalt<\/button><\/div><\/a><\/div><div class=\"col-12 col-md-6\"><a href=\"http:\/\/www.stripclub.ee\/et\/galerii\/\"  class=\"bgbox-inner d-flex flex-wrap align-items-end justify-content-center position-relative\"><div class=\"bgbox-img\" style=\"background-image: url(http:\/\/www.stripclub.ee\/wp-content\/uploads\/fly-images\/60\/second-slide-bg-570x420-c.jpg); background-position: center top;\"><\/div><div class=\"bgbox-inner__content text-center w-100\"><h2>Galerii<\/h2><button class=\"btn\" target=\"\">Vaata pilte<\/button><\/div><\/a><\/div><\/div><\/div>","protected":false},"excerpt":{"rendered":"<p>Broneeri laud<\/p>\n","protected":false},"author":3,"featured_media":0,"parent":0,"menu_order":10,"comment_status":"closed","ping_status":"closed","template":"","meta":{"_acf_changed":false,"inline_featured_image":false,"footnotes":""},"class_list":["post-433","page","type-page","status-publish","hentry"],"acf":[],"_links":{"self":[{"href":"https:\/\/www.stripclub.ee\/et\/wp-json\/wp\/v2\/pages\/433"}],"collection":[{"href":"https:\/\/www.stripclub.ee\/et\/wp-json\/wp\/v2\/pages"}],"about":[{"href":"https:\/\/www.stripclub.ee\/et\/wp-json\/wp\/v2\/types\/page"}],"author":[{"embeddable":true,"href":"https:\/\/www.stripclub.ee\/et\/wp-json\/wp\/v2\/users\/3"}],"replies":[{"embeddable":true,"href":"https:\/\/www.stripclub.ee\/et\/wp-json\/wp\/v2\/comments?post=433"}],"version-history":[{"count":5,"href":"https:\/\/www.stripclub.ee\/et\/wp-json\/wp\/v2\/pages\/433\/revisions"}],"predecessor-version":[{"id":511,"href":"https:\/\/www.stripclub.ee\/et\/wp-json\/wp\/v2\/pages\/433\/revisions\/511"}],"wp:attachment":[{"href":"https:\/\/www.stripclub.ee\/et\/wp-json\/wp\/v2\/media?parent=433"}],"curies":[{"name":"wp","href":"https:\/\/api.w.org\/{rel}","templated":true}]}}