{"id":441,"date":"2021-02-21T11:44:18","date_gmt":"2021-02-21T11:44:18","guid":{"rendered":"http:\/\/www.stripclub.ee\/shop\/"},"modified":"2021-03-14T14:50:20","modified_gmt":"2021-03-14T14:50:20","slug":"pood","status":"publish","type":"page","link":"http:\/\/www.stripclub.ee\/et\/pood\/","title":{"rendered":"Pood"},"content":{"rendered":"<div id=\"acf-block_604d0dc7d6d40\" class=\"acf-block-element block-narrow-container\">\n\n<p class=\"has-text-align-center wp-el\">Tee oma s\u00f5pradele originaalne kingitus \u00abPrime\u00bb Stripclub&#8217;i logoga. Osta v\u00e4hemalt \u00fcks ese meie logoga ja saa igavene VIP-k\u00fclalise staatus, mis sisaldab tasuta sissep\u00e4\u00e4s ja jook meie klubisse kas Tartus v\u00f5i V\u00f5rus.<\/p>\n\n<\/div>\n\n<div id=\"acf-block_604a7a3f4b4a3\" class=\"acf-block-element block-gallery\"><div class=\"gallery\"><div class=\"gallery-item\"><a href=\"http:\/\/www.stripclub.ee\/wp-content\/uploads\/2021\/03\/stripclub-cap.jpg\" class=\"d-block position-relative\"><img decoding=\"async\" class=\"round-corners\" src=\"http:\/\/www.stripclub.ee\/wp-content\/uploads\/2021\/03\/stripclub-cap-270x270.jpg\" alt=\"\"><span class=\"d-flex flex-wrap align-items-center justify-content-center position-absolute\"><svg width=\"24\" height=\"24\" viewBox=\"0 0 24 24\" xmlns=\"http:\/\/www.w3.org\/2000\/svg\" fill-rule=\"evenodd\" clip-rule=\"evenodd\"><path fill=\"#fff\" d=\"M15.853 16.56c-1.683 1.517-3.911 2.44-6.353 2.44-5.243 0-9.5-4.257-9.5-9.5s4.257-9.5 9.5-9.5 9.5 4.257 9.5 9.5c0 2.442-.923 4.67-2.44 6.353l7.44 7.44-.707.707-7.44-7.44zm-6.353-15.56c4.691 0 8.5 3.809 8.5 8.5s-3.809 8.5-8.5 8.5-8.5-3.809-8.5-8.5 3.809-8.5 8.5-8.5z\"\/><\/svg><\/span><\/a><\/div><div class=\"gallery-item\"><a href=\"http:\/\/www.stripclub.ee\/wp-content\/uploads\/2021\/03\/stripclub-hoodie.jpg\" class=\"d-block position-relative\"><img decoding=\"async\" class=\"round-corners\" src=\"http:\/\/www.stripclub.ee\/wp-content\/uploads\/2021\/03\/stripclub-hoodie-270x270.jpg\" alt=\"\"><span class=\"d-flex flex-wrap align-items-center justify-content-center position-absolute\"><svg width=\"24\" height=\"24\" viewBox=\"0 0 24 24\" xmlns=\"http:\/\/www.w3.org\/2000\/svg\" fill-rule=\"evenodd\" clip-rule=\"evenodd\"><path fill=\"#fff\" d=\"M15.853 16.56c-1.683 1.517-3.911 2.44-6.353 2.44-5.243 0-9.5-4.257-9.5-9.5s4.257-9.5 9.5-9.5 9.5 4.257 9.5 9.5c0 2.442-.923 4.67-2.44 6.353l7.44 7.44-.707.707-7.44-7.44zm-6.353-15.56c4.691 0 8.5 3.809 8.5 8.5s-3.809 8.5-8.5 8.5-8.5-3.809-8.5-8.5 3.809-8.5 8.5-8.5z\"\/><\/svg><\/span><\/a><\/div><div class=\"gallery-item\"><a href=\"http:\/\/www.stripclub.ee\/wp-content\/uploads\/2021\/03\/stripclub-polo.jpg\" class=\"d-block position-relative\"><img decoding=\"async\" class=\"round-corners\" src=\"http:\/\/www.stripclub.ee\/wp-content\/uploads\/2021\/03\/stripclub-polo-270x270.jpg\" alt=\"\"><span class=\"d-flex flex-wrap align-items-center justify-content-center position-absolute\"><svg width=\"24\" height=\"24\" viewBox=\"0 0 24 24\" xmlns=\"http:\/\/www.w3.org\/2000\/svg\" fill-rule=\"evenodd\" clip-rule=\"evenodd\"><path fill=\"#fff\" d=\"M15.853 16.56c-1.683 1.517-3.911 2.44-6.353 2.44-5.243 0-9.5-4.257-9.5-9.5s4.257-9.5 9.5-9.5 9.5 4.257 9.5 9.5c0 2.442-.923 4.67-2.44 6.353l7.44 7.44-.707.707-7.44-7.44zm-6.353-15.56c4.691 0 8.5 3.809 8.5 8.5s-3.809 8.5-8.5 8.5-8.5-3.809-8.5-8.5 3.809-8.5 8.5-8.5z\"\/><\/svg><\/span><\/a><\/div><div class=\"gallery-item\"><a href=\"http:\/\/www.stripclub.ee\/wp-content\/uploads\/2021\/03\/stripclub-tshirt.jpg\" class=\"d-block position-relative\"><img decoding=\"async\" class=\"round-corners\" src=\"http:\/\/www.stripclub.ee\/wp-content\/uploads\/2021\/03\/stripclub-tshirt-270x270.jpg\" alt=\"\"><span class=\"d-flex flex-wrap align-items-center justify-content-center position-absolute\"><svg width=\"24\" height=\"24\" viewBox=\"0 0 24 24\" xmlns=\"http:\/\/www.w3.org\/2000\/svg\" fill-rule=\"evenodd\" clip-rule=\"evenodd\"><path fill=\"#fff\" d=\"M15.853 16.56c-1.683 1.517-3.911 2.44-6.353 2.44-5.243 0-9.5-4.257-9.5-9.5s4.257-9.5 9.5-9.5 9.5 4.257 9.5 9.5c0 2.442-.923 4.67-2.44 6.353l7.44 7.44-.707.707-7.44-7.44zm-6.353-15.56c4.691 0 8.5 3.809 8.5 8.5s-3.809 8.5-8.5 8.5-8.5-3.809-8.5-8.5 3.809-8.5 8.5-8.5z\"\/><\/svg><\/span><\/a><\/div><\/div><\/div>\n\n\n<h2 class=\"has-text-align-center wp-el wp-block-heading\">Oled huvitatud?<\/h2>\n\n\n<div id=\"acf-block_604d0e2dd6d41\" class=\"acf-block-element block-narrow-container\">\n\n<p class=\"has-text-align-center wp-el\">Helista <a href=\"tel:+3725171571\" class=\"rank-math-link\">+372 5171 571<\/a> v\u00f5i kirjuta <a href=\"mailto:info@stripclub.ee\" class=\"rank-math-link\">info@stripclub.ee<\/a>.<\/p>\n\n<\/div>","protected":false},"excerpt":{"rendered":"<p>Oled huvitatud?<\/p>\n","protected":false},"author":3,"featured_media":0,"parent":0,"menu_order":60,"comment_status":"closed","ping_status":"closed","template":"","meta":{"_acf_changed":false,"inline_featured_image":false,"footnotes":""},"class_list":["post-441","page","type-page","status-publish","hentry"],"acf":[],"_links":{"self":[{"href":"http:\/\/www.stripclub.ee\/et\/wp-json\/wp\/v2\/pages\/441"}],"collection":[{"href":"http:\/\/www.stripclub.ee\/et\/wp-json\/wp\/v2\/pages"}],"about":[{"href":"http:\/\/www.stripclub.ee\/et\/wp-json\/wp\/v2\/types\/page"}],"author":[{"embeddable":true,"href":"http:\/\/www.stripclub.ee\/et\/wp-json\/wp\/v2\/users\/3"}],"replies":[{"embeddable":true,"href":"http:\/\/www.stripclub.ee\/et\/wp-json\/wp\/v2\/comments?post=441"}],"version-history":[{"count":3,"href":"http:\/\/www.stripclub.ee\/et\/wp-json\/wp\/v2\/pages\/441\/revisions"}],"predecessor-version":[{"id":477,"href":"http:\/\/www.stripclub.ee\/et\/wp-json\/wp\/v2\/pages\/441\/revisions\/477"}],"wp:attachment":[{"href":"http:\/\/www.stripclub.ee\/et\/wp-json\/wp\/v2\/media?parent=441"}],"curies":[{"name":"wp","href":"https:\/\/api.w.org\/{rel}","templated":true}]}}