{"id":440,"date":"2021-02-21T11:44:10","date_gmt":"2021-02-21T11:44:10","guid":{"rendered":"http:\/\/www.stripclub.ee\/party-bus\/"},"modified":"2021-03-14T14:00:10","modified_gmt":"2021-03-14T14:00:10","slug":"party-bus","status":"publish","type":"page","link":"http:\/\/www.stripclub.ee\/et\/party-bus\/","title":{"rendered":"Party Bus"},"content":{"rendered":"<div id=\"acf-block_6036a073a5e3c\" class=\"acf-block-element block-narrow-container\">\n\n<p class=\"has-text-align-center wp-el\">Party Bus ei ole lihtsalt tavaline buss, see on ratastel klubi. Party Bus v\u00e4\u00e4rib meie &#8220;Kirsiks tordil&#8221; nimetamist. Bussis on k\u00f5ik, mida sa vajad uue p\u00f5neva kogemuse saamiseks. See on diskobaar ja privaatne tuba samal ajal.<\/p>\n\n<\/div>\n\n<div id=\"acf-block_6036a1dfa5e3d\" class=\"acf-block-element block-gallery\"><div class=\"gallery\"><div class=\"gallery-item\"><a href=\"http:\/\/www.stripclub.ee\/wp-content\/uploads\/2021\/02\/partybus-01-min-1200x800.jpg\" class=\"d-block position-relative\"><img decoding=\"async\" class=\"round-corners\" src=\"http:\/\/www.stripclub.ee\/wp-content\/uploads\/2021\/02\/partybus-01-min-270x270.jpg\" alt=\"\"><span class=\"d-flex flex-wrap align-items-center justify-content-center position-absolute\"><svg width=\"24\" height=\"24\" viewBox=\"0 0 24 24\" xmlns=\"http:\/\/www.w3.org\/2000\/svg\" fill-rule=\"evenodd\" clip-rule=\"evenodd\"><path fill=\"#fff\" d=\"M15.853 16.56c-1.683 1.517-3.911 2.44-6.353 2.44-5.243 0-9.5-4.257-9.5-9.5s4.257-9.5 9.5-9.5 9.5 4.257 9.5 9.5c0 2.442-.923 4.67-2.44 6.353l7.44 7.44-.707.707-7.44-7.44zm-6.353-15.56c4.691 0 8.5 3.809 8.5 8.5s-3.809 8.5-8.5 8.5-8.5-3.809-8.5-8.5 3.809-8.5 8.5-8.5z\"\/><\/svg><\/span><\/a><\/div><div class=\"gallery-item\"><a href=\"http:\/\/www.stripclub.ee\/wp-content\/uploads\/2021\/02\/partybus-02-min-1200x800.jpg\" class=\"d-block position-relative\"><img decoding=\"async\" class=\"round-corners\" src=\"http:\/\/www.stripclub.ee\/wp-content\/uploads\/2021\/02\/partybus-02-min-270x270.jpg\" alt=\"\"><span class=\"d-flex flex-wrap align-items-center justify-content-center position-absolute\"><svg width=\"24\" height=\"24\" viewBox=\"0 0 24 24\" xmlns=\"http:\/\/www.w3.org\/2000\/svg\" fill-rule=\"evenodd\" clip-rule=\"evenodd\"><path fill=\"#fff\" d=\"M15.853 16.56c-1.683 1.517-3.911 2.44-6.353 2.44-5.243 0-9.5-4.257-9.5-9.5s4.257-9.5 9.5-9.5 9.5 4.257 9.5 9.5c0 2.442-.923 4.67-2.44 6.353l7.44 7.44-.707.707-7.44-7.44zm-6.353-15.56c4.691 0 8.5 3.809 8.5 8.5s-3.809 8.5-8.5 8.5-8.5-3.809-8.5-8.5 3.809-8.5 8.5-8.5z\"\/><\/svg><\/span><\/a><\/div><div class=\"gallery-item\"><a href=\"http:\/\/www.stripclub.ee\/wp-content\/uploads\/2021\/02\/partybus-03-min-1200x800.jpg\" class=\"d-block position-relative\"><img decoding=\"async\" class=\"round-corners\" src=\"http:\/\/www.stripclub.ee\/wp-content\/uploads\/2021\/02\/partybus-03-min-270x270.jpg\" alt=\"\"><span class=\"d-flex flex-wrap align-items-center justify-content-center position-absolute\"><svg width=\"24\" height=\"24\" viewBox=\"0 0 24 24\" xmlns=\"http:\/\/www.w3.org\/2000\/svg\" fill-rule=\"evenodd\" clip-rule=\"evenodd\"><path fill=\"#fff\" d=\"M15.853 16.56c-1.683 1.517-3.911 2.44-6.353 2.44-5.243 0-9.5-4.257-9.5-9.5s4.257-9.5 9.5-9.5 9.5 4.257 9.5 9.5c0 2.442-.923 4.67-2.44 6.353l7.44 7.44-.707.707-7.44-7.44zm-6.353-15.56c4.691 0 8.5 3.809 8.5 8.5s-3.809 8.5-8.5 8.5-8.5-3.809-8.5-8.5 3.809-8.5 8.5-8.5z\"\/><\/svg><\/span><\/a><\/div><div class=\"gallery-item\"><a href=\"http:\/\/www.stripclub.ee\/wp-content\/uploads\/2021\/02\/partybus-04-min-1200x800.jpg\" class=\"d-block position-relative\"><img decoding=\"async\" class=\"round-corners\" src=\"http:\/\/www.stripclub.ee\/wp-content\/uploads\/2021\/02\/partybus-04-min-270x270.jpg\" alt=\"\"><span class=\"d-flex flex-wrap align-items-center justify-content-center position-absolute\"><svg width=\"24\" height=\"24\" viewBox=\"0 0 24 24\" xmlns=\"http:\/\/www.w3.org\/2000\/svg\" fill-rule=\"evenodd\" clip-rule=\"evenodd\"><path fill=\"#fff\" d=\"M15.853 16.56c-1.683 1.517-3.911 2.44-6.353 2.44-5.243 0-9.5-4.257-9.5-9.5s4.257-9.5 9.5-9.5 9.5 4.257 9.5 9.5c0 2.442-.923 4.67-2.44 6.353l7.44 7.44-.707.707-7.44-7.44zm-6.353-15.56c4.691 0 8.5 3.809 8.5 8.5s-3.809 8.5-8.5 8.5-8.5-3.809-8.5-8.5 3.809-8.5 8.5-8.5z\"\/><\/svg><\/span><\/a><\/div><div class=\"gallery-item\"><a href=\"http:\/\/www.stripclub.ee\/wp-content\/uploads\/2021\/02\/partybus-05-min-1200x800.jpg\" class=\"d-block position-relative\"><img decoding=\"async\" class=\"round-corners\" src=\"http:\/\/www.stripclub.ee\/wp-content\/uploads\/2021\/02\/partybus-05-min-270x270.jpg\" alt=\"\"><span class=\"d-flex flex-wrap align-items-center justify-content-center position-absolute\"><svg width=\"24\" height=\"24\" viewBox=\"0 0 24 24\" xmlns=\"http:\/\/www.w3.org\/2000\/svg\" fill-rule=\"evenodd\" clip-rule=\"evenodd\"><path fill=\"#fff\" d=\"M15.853 16.56c-1.683 1.517-3.911 2.44-6.353 2.44-5.243 0-9.5-4.257-9.5-9.5s4.257-9.5 9.5-9.5 9.5 4.257 9.5 9.5c0 2.442-.923 4.67-2.44 6.353l7.44 7.44-.707.707-7.44-7.44zm-6.353-15.56c4.691 0 8.5 3.809 8.5 8.5s-3.809 8.5-8.5 8.5-8.5-3.809-8.5-8.5 3.809-8.5 8.5-8.5z\"\/><\/svg><\/span><\/a><\/div><div class=\"gallery-item\"><a href=\"http:\/\/www.stripclub.ee\/wp-content\/uploads\/2021\/02\/partybus-06-min-1200x800.jpg\" class=\"d-block position-relative\"><img decoding=\"async\" class=\"round-corners\" src=\"http:\/\/www.stripclub.ee\/wp-content\/uploads\/2021\/02\/partybus-06-min-270x270.jpg\" alt=\"\"><span class=\"d-flex flex-wrap align-items-center justify-content-center position-absolute\"><svg width=\"24\" height=\"24\" viewBox=\"0 0 24 24\" xmlns=\"http:\/\/www.w3.org\/2000\/svg\" fill-rule=\"evenodd\" clip-rule=\"evenodd\"><path fill=\"#fff\" d=\"M15.853 16.56c-1.683 1.517-3.911 2.44-6.353 2.44-5.243 0-9.5-4.257-9.5-9.5s4.257-9.5 9.5-9.5 9.5 4.257 9.5 9.5c0 2.442-.923 4.67-2.44 6.353l7.44 7.44-.707.707-7.44-7.44zm-6.353-15.56c4.691 0 8.5 3.809 8.5 8.5s-3.809 8.5-8.5 8.5-8.5-3.809-8.5-8.5 3.809-8.5 8.5-8.5z\"\/><\/svg><\/span><\/a><\/div><div class=\"gallery-item\"><a href=\"http:\/\/www.stripclub.ee\/wp-content\/uploads\/2021\/02\/partybus-07-min-1200x800.jpg\" class=\"d-block position-relative\"><img decoding=\"async\" class=\"round-corners\" src=\"http:\/\/www.stripclub.ee\/wp-content\/uploads\/2021\/02\/partybus-07-min-270x270.jpg\" alt=\"\"><span class=\"d-flex flex-wrap align-items-center justify-content-center position-absolute\"><svg width=\"24\" height=\"24\" viewBox=\"0 0 24 24\" xmlns=\"http:\/\/www.w3.org\/2000\/svg\" fill-rule=\"evenodd\" clip-rule=\"evenodd\"><path fill=\"#fff\" d=\"M15.853 16.56c-1.683 1.517-3.911 2.44-6.353 2.44-5.243 0-9.5-4.257-9.5-9.5s4.257-9.5 9.5-9.5 9.5 4.257 9.5 9.5c0 2.442-.923 4.67-2.44 6.353l7.44 7.44-.707.707-7.44-7.44zm-6.353-15.56c4.691 0 8.5 3.809 8.5 8.5s-3.809 8.5-8.5 8.5-8.5-3.809-8.5-8.5 3.809-8.5 8.5-8.5z\"\/><\/svg><\/span><\/a><\/div><div class=\"gallery-item\"><a href=\"http:\/\/www.stripclub.ee\/wp-content\/uploads\/2021\/02\/partybus-08-min-1200x800.jpg\" class=\"d-block position-relative\"><img decoding=\"async\" class=\"round-corners\" src=\"http:\/\/www.stripclub.ee\/wp-content\/uploads\/2021\/02\/partybus-08-min-270x270.jpg\" alt=\"\"><span class=\"d-flex flex-wrap align-items-center justify-content-center position-absolute\"><svg width=\"24\" height=\"24\" viewBox=\"0 0 24 24\" xmlns=\"http:\/\/www.w3.org\/2000\/svg\" fill-rule=\"evenodd\" clip-rule=\"evenodd\"><path fill=\"#fff\" d=\"M15.853 16.56c-1.683 1.517-3.911 2.44-6.353 2.44-5.243 0-9.5-4.257-9.5-9.5s4.257-9.5 9.5-9.5 9.5 4.257 9.5 9.5c0 2.442-.923 4.67-2.44 6.353l7.44 7.44-.707.707-7.44-7.44zm-6.353-15.56c4.691 0 8.5 3.809 8.5 8.5s-3.809 8.5-8.5 8.5-8.5-3.809-8.5-8.5 3.809-8.5 8.5-8.5z\"\/><\/svg><\/span><\/a><\/div><\/div><\/div>","protected":false},"excerpt":{"rendered":"","protected":false},"author":3,"featured_media":0,"parent":0,"menu_order":50,"comment_status":"closed","ping_status":"closed","template":"","meta":{"_acf_changed":false,"inline_featured_image":false,"footnotes":""},"class_list":["post-440","page","type-page","status-publish","hentry"],"acf":[],"_links":{"self":[{"href":"http:\/\/www.stripclub.ee\/et\/wp-json\/wp\/v2\/pages\/440"}],"collection":[{"href":"http:\/\/www.stripclub.ee\/et\/wp-json\/wp\/v2\/pages"}],"about":[{"href":"http:\/\/www.stripclub.ee\/et\/wp-json\/wp\/v2\/types\/page"}],"author":[{"embeddable":true,"href":"http:\/\/www.stripclub.ee\/et\/wp-json\/wp\/v2\/users\/3"}],"replies":[{"embeddable":true,"href":"http:\/\/www.stripclub.ee\/et\/wp-json\/wp\/v2\/comments?post=440"}],"version-history":[{"count":1,"href":"http:\/\/www.stripclub.ee\/et\/wp-json\/wp\/v2\/pages\/440\/revisions"}],"predecessor-version":[{"id":461,"href":"http:\/\/www.stripclub.ee\/et\/wp-json\/wp\/v2\/pages\/440\/revisions\/461"}],"wp:attachment":[{"href":"http:\/\/www.stripclub.ee\/et\/wp-json\/wp\/v2\/media?parent=440"}],"curies":[{"name":"wp","href":"https:\/\/api.w.org\/{rel}","templated":true}]}}