{"id":436,"date":"2021-02-21T11:43:54","date_gmt":"2021-02-21T11:43:54","guid":{"rendered":"http:\/\/www.stripclub.ee\/services\/"},"modified":"2021-03-14T16:15:22","modified_gmt":"2021-03-14T16:15:22","slug":"teenused","status":"publish","type":"page","link":"http:\/\/www.stripclub.ee\/et\/teenused\/","title":{"rendered":"Teenused"},"content":{"rendered":"<div id=\"acf-block_6036ab55d5ec8\" class=\"acf-block-element block-txtmedia\"><div class=\"row row-grid\"><div class=\"col-12 col-lg-5 align-self-center\">\n\n<h2 class=\"wp-el wp-block-heading\">Vaimustav striptiis ja lai valik erinevaid show&#8217;d<\/h2>\n\n\n\n<p class=\"wp-el\">Meie kaunid naised tantsivad mitte ainult traditsioonilist striptiisi. M\u00f5ned neist on ka sensuaalse idamaise tantsu esinejad. Hiljuti liitus meie seltskonda fantastilise v\u00e4limusega t\u00fcdruk Aafrikast. Tema lisab meie \u00f5hkkonda eksootika maitset.<\/p>\n\n<\/div><div class=\"col-12 col-lg-6 col-media offset-lg-1\"><a href=\"http:\/\/www.stripclub.ee\/wp-content\/uploads\/2021\/03\/stripclub-5029-800x1200.jpg\" class=\"position-relative d-inline-block\"><img loading=\"lazy\" decoding=\"async\" src=\"http:\/\/www.stripclub.ee\/wp-content\/uploads\/fly-images\/324\/stripclub-5029-570x420-c.jpg\" width=\"570\" height=\"420\" \/><span class=\"d-flex flex-wrap align-items-center justify-content-center position-absolute\"><svg width=\"24\" height=\"24\" viewBox=\"0 0 24 24\" xmlns=\"http:\/\/www.w3.org\/2000\/svg\" fill-rule=\"evenodd\" clip-rule=\"evenodd\"><path fill=\"#fff\" d=\"M15.853 16.56c-1.683 1.517-3.911 2.44-6.353 2.44-5.243 0-9.5-4.257-9.5-9.5s4.257-9.5 9.5-9.5 9.5 4.257 9.5 9.5c0 2.442-.923 4.67-2.44 6.353l7.44 7.44-.707.707-7.44-7.44zm-6.353-15.56c4.691 0 8.5 3.809 8.5 8.5s-3.809 8.5-8.5 8.5-8.5-3.809-8.5-8.5 3.809-8.5 8.5-8.5z\"\/><\/svg><\/span><\/a><\/div><\/div><\/div>\n\n<div id=\"acf-block_6036ab87d5ec9\" class=\"acf-block-element block-txtmedia\"><div class=\"row row-grid\"><div class=\"col-12 col-lg-5 align-self-center order-lg-1 offset-lg-1\">\n\n<h2 class=\"wp-el wp-block-heading\">Men\u00fc\u00fc<\/h2>\n\n\n\n<p class=\"wp-el\">Hea meelega pakume sulle meie lai valikuga men\u00fc\u00fcd, kus leiad sa mitte ainult tavalised joogid, kuid ka kokteilid ja vesipiip.<\/p>\n\n<\/div><div class=\"col-12 col-lg-6 col-media\"><a href=\"http:\/\/www.stripclub.ee\/wp-content\/uploads\/2021\/03\/stripclub-barlist-1200x800.jpg\" class=\"position-relative d-inline-block\"><img loading=\"lazy\" decoding=\"async\" src=\"http:\/\/www.stripclub.ee\/wp-content\/uploads\/fly-images\/314\/stripclub-barlist-570x420-c.jpg\" width=\"570\" height=\"420\" \/><span class=\"d-flex flex-wrap align-items-center justify-content-center position-absolute\"><svg width=\"24\" height=\"24\" viewBox=\"0 0 24 24\" xmlns=\"http:\/\/www.w3.org\/2000\/svg\" fill-rule=\"evenodd\" clip-rule=\"evenodd\"><path fill=\"#fff\" d=\"M15.853 16.56c-1.683 1.517-3.911 2.44-6.353 2.44-5.243 0-9.5-4.257-9.5-9.5s4.257-9.5 9.5-9.5 9.5 4.257 9.5 9.5c0 2.442-.923 4.67-2.44 6.353l7.44 7.44-.707.707-7.44-7.44zm-6.353-15.56c4.691 0 8.5 3.809 8.5 8.5s-3.809 8.5-8.5 8.5-8.5-3.809-8.5-8.5 3.809-8.5 8.5-8.5z\"\/><\/svg><\/span><\/a><\/div><\/div><\/div>\n\n<div id=\"acf-block_6036aba2d5eca\" class=\"acf-block-element block-txtmedia\"><div class=\"row row-grid\"><div class=\"col-12 col-lg-5 align-self-center\">\n\n<h2 class=\"wp-el wp-block-heading\">VIP teenused<\/h2>\n\n\n\n<p class=\"wp-el\">Tahad k\u00fclastada meid inkognito (absoluutse konfidentsiaalsuses)? Oleme valmis pakkuda sulle meie VIP teenused.<\/p>\n\n\n\n<p class=\"wp-el\"><\/p>\n\n\n\n<div class=\"wp-block-button\"><a class=\"wp-block-button__link has-black-color has-text-color\" href=\"http:\/\/www.stripclub.ee\/et\/vip\/\">VIP info<\/a><\/div>\n\n<\/div><div class=\"col-12 col-lg-6 col-media offset-lg-1\"><a href=\"http:\/\/www.stripclub.ee\/wp-content\/uploads\/2021\/03\/stripclub-31334-1200x800.jpg\" class=\"position-relative d-inline-block\"><img loading=\"lazy\" decoding=\"async\" src=\"http:\/\/www.stripclub.ee\/wp-content\/uploads\/fly-images\/329\/stripclub-31334-570x420-c.jpg\" width=\"570\" height=\"420\" \/><span class=\"d-flex flex-wrap align-items-center justify-content-center position-absolute\"><svg width=\"24\" height=\"24\" viewBox=\"0 0 24 24\" xmlns=\"http:\/\/www.w3.org\/2000\/svg\" fill-rule=\"evenodd\" clip-rule=\"evenodd\"><path fill=\"#fff\" d=\"M15.853 16.56c-1.683 1.517-3.911 2.44-6.353 2.44-5.243 0-9.5-4.257-9.5-9.5s4.257-9.5 9.5-9.5 9.5 4.257 9.5 9.5c0 2.442-.923 4.67-2.44 6.353l7.44 7.44-.707.707-7.44-7.44zm-6.353-15.56c4.691 0 8.5 3.809 8.5 8.5s-3.809 8.5-8.5 8.5-8.5-3.809-8.5-8.5 3.809-8.5 8.5-8.5z\"\/><\/svg><\/span><\/a><\/div><\/div><\/div>\n\n<div id=\"acf-block_6036abbad5ecb\" class=\"acf-block-element block-txtmedia\"><div class=\"row row-grid\"><div class=\"col-12 col-lg-5 align-self-center order-lg-1 offset-lg-1\">\n\n<h2 class=\"wp-el wp-block-heading\">Party Bus<\/h2>\n\n\n\n<p class=\"wp-el\">Kui sa tahad mitmekesistada oma puhkust v\u00f5i proovida midagi uut, siis meie kuulus PartyBus on just see, mida sa vajad.<\/p>\n\n\n\n<p class=\"wp-el\">Meie t\u00e4helepanelik autojuht koos imeilusa t\u00fcdrukuga tulevad sinu j\u00e4rgi. Uute emotsioonide reis algab sellest hetkest, kui te kohtute<\/p>\n\n\n\n<p class=\"wp-el\"><\/p>\n\n\n\n<div class=\"wp-block-button\"><a class=\"wp-block-button__link has-black-color has-text-color\" href=\"http:\/\/www.stripclub.ee\/et\/party-bus\/\">Info ja fotod<\/a><\/div>\n\n<\/div><div class=\"col-12 col-lg-6 col-media\"><a href=\"http:\/\/www.stripclub.ee\/wp-content\/uploads\/2021\/03\/stripclub-partybus-1200x800.jpg\" class=\"position-relative d-inline-block\"><img loading=\"lazy\" decoding=\"async\" src=\"http:\/\/www.stripclub.ee\/wp-content\/uploads\/fly-images\/334\/stripclub-partybus-570x420-c.jpg\" width=\"570\" height=\"420\" \/><span class=\"d-flex flex-wrap align-items-center justify-content-center position-absolute\"><svg width=\"24\" height=\"24\" viewBox=\"0 0 24 24\" xmlns=\"http:\/\/www.w3.org\/2000\/svg\" fill-rule=\"evenodd\" clip-rule=\"evenodd\"><path fill=\"#fff\" d=\"M15.853 16.56c-1.683 1.517-3.911 2.44-6.353 2.44-5.243 0-9.5-4.257-9.5-9.5s4.257-9.5 9.5-9.5 9.5 4.257 9.5 9.5c0 2.442-.923 4.67-2.44 6.353l7.44 7.44-.707.707-7.44-7.44zm-6.353-15.56c4.691 0 8.5 3.809 8.5 8.5s-3.809 8.5-8.5 8.5-8.5-3.809-8.5-8.5 3.809-8.5 8.5-8.5z\"\/><\/svg><\/span><\/a><\/div><\/div><\/div>\n\n<div id=\"acf-block_6036abd9d5ecc\" class=\"acf-block-element block-txtmedia\"><div class=\"row row-grid\"><div class=\"col-12 col-lg-5 align-self-center\">\n\n<h2 class=\"wp-el wp-block-heading\">Privaatruumid<\/h2>\n\n\n\n<p class=\"wp-el\">Me muudame sinu ettekujutused privaatidest. Meie tantsijad on valmis \u00fcllatada sind oma oskustega. Jaga oma tahtmised ja fantaasiad t\u00fcdrukutega! Igas toas on omad stiil, \u00f5hkkond ja emotsioonid.<\/p>\n\n<\/div><div class=\"col-12 col-lg-6 col-media offset-lg-1\"><a href=\"http:\/\/www.stripclub.ee\/wp-content\/uploads\/2021\/03\/stripclub-31374-1200x800.jpg\" class=\"position-relative d-inline-block\"><img loading=\"lazy\" decoding=\"async\" src=\"http:\/\/www.stripclub.ee\/wp-content\/uploads\/fly-images\/338\/stripclub-31374-570x420-c.jpg\" width=\"570\" height=\"420\" \/><span class=\"d-flex flex-wrap align-items-center justify-content-center position-absolute\"><svg width=\"24\" height=\"24\" viewBox=\"0 0 24 24\" xmlns=\"http:\/\/www.w3.org\/2000\/svg\" fill-rule=\"evenodd\" clip-rule=\"evenodd\"><path fill=\"#fff\" d=\"M15.853 16.56c-1.683 1.517-3.911 2.44-6.353 2.44-5.243 0-9.5-4.257-9.5-9.5s4.257-9.5 9.5-9.5 9.5 4.257 9.5 9.5c0 2.442-.923 4.67-2.44 6.353l7.44 7.44-.707.707-7.44-7.44zm-6.353-15.56c4.691 0 8.5 3.809 8.5 8.5s-3.809 8.5-8.5 8.5-8.5-3.809-8.5-8.5 3.809-8.5 8.5-8.5z\"\/><\/svg><\/span><\/a><\/div><\/div><\/div>\n\n<div id=\"acf-block_604d0d2429937\" class=\"acf-block-element block-txtmedia\"><div class=\"row row-grid\"><div class=\"col-12 col-lg-5 align-self-center order-lg-1 offset-lg-1\">\n\n<h2 class=\"wp-el wp-block-heading\">Meeste striptiis<\/h2>\n\n\n\n<p class=\"wp-el\">T\u00fcdrukute \u00f5htu jaoks v\u00f5i naistele kes soovivad lisada v\u00fcrtsi oma peole meil on pakkuda meestestriptiisi.<\/p>\n\n<\/div><div class=\"col-12 col-lg-6 col-media\"><a href=\"http:\/\/www.stripclub.ee\/wp-content\/uploads\/2021\/03\/stripclub-logo-fallback-1200x800.jpg\" class=\"position-relative d-inline-block\"><img loading=\"lazy\" decoding=\"async\" src=\"http:\/\/www.stripclub.ee\/wp-content\/uploads\/fly-images\/485\/stripclub-logo-fallback-570x420-c.jpg\" width=\"570\" height=\"420\" \/><span class=\"d-flex flex-wrap align-items-center justify-content-center position-absolute\"><svg width=\"24\" height=\"24\" viewBox=\"0 0 24 24\" xmlns=\"http:\/\/www.w3.org\/2000\/svg\" fill-rule=\"evenodd\" clip-rule=\"evenodd\"><path fill=\"#fff\" d=\"M15.853 16.56c-1.683 1.517-3.911 2.44-6.353 2.44-5.243 0-9.5-4.257-9.5-9.5s4.257-9.5 9.5-9.5 9.5 4.257 9.5 9.5c0 2.442-.923 4.67-2.44 6.353l7.44 7.44-.707.707-7.44-7.44zm-6.353-15.56c4.691 0 8.5 3.809 8.5 8.5s-3.809 8.5-8.5 8.5-8.5-3.809-8.5-8.5 3.809-8.5 8.5-8.5z\"\/><\/svg><\/span><\/a><\/div><\/div><\/div>","protected":false},"excerpt":{"rendered":"","protected":false},"author":3,"featured_media":0,"parent":0,"menu_order":30,"comment_status":"closed","ping_status":"closed","template":"","meta":{"_acf_changed":false,"inline_featured_image":false,"footnotes":""},"class_list":["post-436","page","type-page","status-publish","hentry"],"acf":[],"_links":{"self":[{"href":"http:\/\/www.stripclub.ee\/et\/wp-json\/wp\/v2\/pages\/436"}],"collection":[{"href":"http:\/\/www.stripclub.ee\/et\/wp-json\/wp\/v2\/pages"}],"about":[{"href":"http:\/\/www.stripclub.ee\/et\/wp-json\/wp\/v2\/types\/page"}],"author":[{"embeddable":true,"href":"http:\/\/www.stripclub.ee\/et\/wp-json\/wp\/v2\/users\/3"}],"replies":[{"embeddable":true,"href":"http:\/\/www.stripclub.ee\/et\/wp-json\/wp\/v2\/comments?post=436"}],"version-history":[{"count":4,"href":"http:\/\/www.stripclub.ee\/et\/wp-json\/wp\/v2\/pages\/436\/revisions"}],"predecessor-version":[{"id":489,"href":"http:\/\/www.stripclub.ee\/et\/wp-json\/wp\/v2\/pages\/436\/revisions\/489"}],"wp:attachment":[{"href":"http:\/\/www.stripclub.ee\/et\/wp-json\/wp\/v2\/media?parent=436"}],"curies":[{"name":"wp","href":"https:\/\/api.w.org\/{rel}","templated":true}]}}